{"id":119,"date":"2014-06-12T20:14:20","date_gmt":"2014-06-13T00:14:20","guid":{"rendered":"http:\/\/greatives.eu\/dummies\/reload\/?page_id=119"},"modified":"2016-09-08T18:29:32","modified_gmt":"2016-09-08T21:29:32","slug":"welcome","status":"publish","type":"page","link":"https:\/\/www.miredsocial.cl\/","title":{"rendered":"Home"},"content":{"rendered":"<section  class=\"grve-section\"  style=\"background-color: #ffffff;margin-bottom: 60px;\">  <div class=\"grve-row\">\n\t\t<div class=\"wpb_column grve-column-1-3 grve-tablet-column-1-2\">\n\t\t\t<div class=\"grve-element grve-icon-box grve-align-center grve-animated-item fadeIn\" style=\"\" data-delay=\"200\">  <div class=\"grve-icon fa fa-lightbulb-o\"><\/div>  <div class=\"grve-box-content\">      <h5 class=\"grve-box-title\">Lo que hacemos<\/h5>    <p>Nos anticipamos a las necesidades que nuestro cliente a\u00fan no pens\u00f3 y las satisfacemos con productos y servicios que fijen nuevos est\u00e1ndares.<\/p>  <\/div><\/div>\n\t\t<\/div>\n\t\n\t\t<div class=\"wpb_column grve-column-1-3 grve-tablet-column-1-2\">\n\t\t\t<div class=\"grve-element grve-icon-box grve-align-center grve-animated-item fadeIn\" style=\"\" data-delay=\"800\">  <div class=\"grve-icon fa fa-thumbs-o-up\"><\/div>  <div class=\"grve-box-content\">      <h5 class=\"grve-box-title\">Programas publicitarios<\/h5>    <p>Desde anuncios sencillos en sitios web hasta anuncios en medios interactivos como en Redes Sociales, ayudando a que las empresas encuentren clientes, se pocisionen y ganen dinero producto de sus contenidos.<\/p>  <\/div><\/div>\n\t\t<\/div>\n\t\n\t\t<div class=\"wpb_column grve-column-1-3 grve-tablet-column-1-2\">\n\t\t\t<div class=\"grve-element grve-icon-box grve-align-center grve-animated-item fadeIn\" style=\"\" data-delay=\"400\">  <div class=\"grve-icon fa fa-send\"><\/div>  <div class=\"grve-box-content\">      <h5 class=\"grve-box-title\">Herramientas<\/h5>    <p>Brindamos una variedad de herramientas que ayudan a las empresas de todo tipo a alcanzar el \u00e9xito, conectadas o desconectadas de las Redes Sociales.<\/p>  <\/div><\/div>\n\t\t<\/div>\n\t  <\/div><\/section><section  class=\"grve-section grve-overlay-fade\"  style=\"padding-top: 80px;padding-bottom: 80px;margin-bottom: 0px;\">  <div class=\"grve-pattern grve-white-overlay grve-overlay-70\"><\/div>  <div class=\"grve-row\">\n\t\t<div class=\"wpb_column grve-column-1\">\n\t\t\t<div class=\"grve-element grve-slogan grve-align-center grve-animated-item fadeInUp\" style=\"\" data-delay=\"200\"><div class=\"grve-slogan-subtitle\">Nuestra Misi\u00f3n<\/div><h2 class=\"grve-slogan-title grve-align-center grve-title-line\">Hacer visible tu empresa, lograr que la gente cree un v\u00ednculo con ella y sea accesible para todo el mundo.<\/h2>  <p>Nos fijamos objetivos que sabemos que todav\u00eda no podemos alcanzar, porque sabemos que, en el esfuerzo por lograrlo, podemos llegar m\u00e1s lejos de lo que cre\u00edamos.<br \/>\nNuestra empresa ha logrado mucho en poco tiempo. Desde la fundaci\u00f3n de Mi Red Social en 2012, la empresa ha crecido para ofrecer servicios a usuarios en Chile y M\u00e9xico.<\/p><\/div>\n\t\t<\/div>\n\t  <\/div><\/section><section  class=\"grve-section\"  style=\"background-color: #ffffff;margin-bottom: 0px;\">  <div class=\"grve-row\">\n\t\t<div class=\"wpb_column grve-column-1-2 grve-tablet-column-1\">\n\t\t\t<div class=\"grve-element grve-image grve-align-center grve-animated-item fadeInRight\" style=\"margin-bottom: 0px;\" data-delay=\"200\"><a href=\"http:\/\/miredsocial.cl\/quienes-somos\/\" target=\"_self\">  <img alt=\"\" src=\"https:\/\/www.miredsocial.cl\/wp-content\/uploads\/2014\/03\/Social-Network.jpg\"><\/a><\/div>\n\t\t<\/div>\n\t\n\t\t<div class=\"wpb_column grve-column-1-2 grve-tablet-column-1\">\n\t\t\t  <hr class=\"grve-element grve-space-divider  \" style=\"margin-bottom: 50px;\"><div class=\"grve-element grve-icon-box grve-align-left grve-animated-item fadeInLeft\" style=\"\" data-delay=\"200\"><a href=\"http:\/\/miredsocial.cl\/quienes-somos\/\" target=\"_self\">  <div class=\"grve-icon\">1<\/div><\/a>  <div class=\"grve-box-content\"><a href=\"http:\/\/miredsocial.cl\/quienes-somos\/\" target=\"_self\">      <h5 class=\"grve-box-title\">Quienes Somos<\/h5><\/a>    <p>El desarrollo de nuevos productos depende de grandes personas. Existen empleados de Mi Red Social a lo largo de Chile detr\u00e1s de las herramientas que utilizamos a diario, para posicionar tu empresa en Redes Sociales.<\/p>  <\/div><\/div><div class=\"grve-element grve-icon-box grve-align-left grve-animated-item fadeInLeft\" style=\"\" data-delay=\"200\"><a href=\"http:\/\/miredsocial.cl\/quienes-somos\/\" target=\"_self\">  <div class=\"grve-icon\">2<\/div><\/a>  <div class=\"grve-box-content\"><a href=\"http:\/\/miredsocial.cl\/quienes-somos\/\" target=\"_self\">      <h5 class=\"grve-box-title\">Cultura<\/h5><\/a>    <p>La gente que la conforma es lo que hace que Mi Red Social sea el tipo de empresa que es. Contratamos personas inteligentes y decididas, y valoramos el talento m\u00e1s que la experiencia. <\/p>  <\/div><\/div><div class=\"grve-element grve-icon-box grve-align-left grve-animated-item fadeInLeft\" style=\"\" data-delay=\"200\"><a href=\"http:\/\/miredsocial.cl\/quienes-somos\/\" target=\"_self\">  <div class=\"grve-icon\">3<\/div><\/a>  <div class=\"grve-box-content\"><a href=\"http:\/\/miredsocial.cl\/quienes-somos\/\" target=\"_self\">      <h5 class=\"grve-box-title\">Ubicaci\u00f3n<\/h5><\/a>    <p>Somos una empresa que cree en los nuevos modelos de negocio online. Trabajamos en forma remota y profesional desde Santiago y Re\u00f1aca. <\/p>  <\/div><\/div>\n\t\t<\/div>\n\t  <\/div><\/section><section  class=\"grve-section\" >  <div class=\"grve-row\">\n\t\t<div class=\"wpb_column grve-column-1\">\n\t\t\t  <hr class=\"grve-element grve-space-divider grve-fullwidth-element \" style=\"\"><div class=\"grve-element grve-slogan grve-align-center grve-animated-item fadeIn\" style=\"\" data-delay=\"200\"><h1 class=\"grve-slogan-title grve-align-center grve-title-no-line grve-light-text\">En que creemos... <\/h1>  <p>\u00abEl mejor negocio en la vida es disfrutar de ella\u00bb<\/p><a class=\"grve-btn grve-btn-extrasmall grve-primary\" href=\"http:\/\/miredsocial.cl\/en-que-creemos\/\"  target=\"_self\" style=\"\"><span>Principios<\/span><\/a><\/div>\n\t\t<\/div>\n\t  <\/div><\/section><section  class=\"grve-section\" >  <div class=\"grve-row\">\n\t\t<div class=\"wpb_column grve-column-1\">\n\t\t\t\n\t<div class=\"wpb_raw_code wpb_content_element wpb_raw_html\">\n\t\t<div class=\"wpb_wrapper\">\n\t\t\t<!-- Go to www.addthis.com\/dashboard to customize your tools -->\n<script type=\"text\/javascript\" src=\"\/\/s7.addthis.com\/js\/300\/addthis_widget.js#pubid=ra-543d9d7352f27f36\" async><\/script>\n\t\t<\/div> \n\t<\/div> \n\t\t<\/div>\n\t  <\/div><\/section><section  class=\"grve-section grve-overlay-fade grve-light-color\"  style=\"background-color: #ffffff;color: #ffffff;\">  <div class=\"grve-pattern grve-black-overlay grve-overlay-60\"><\/div>  <div class=\"grve-bg-image \"   style=\"background-image: url(https:\/\/www.miredsocial.cl\/wp-content\/uploads\/2014\/03\/testimonios.jpg);\"><\/div>  <div class=\"grve-row\">\n\t\t<div class=\"wpb_column grve-column-1\">\n\t\t\t  <hr class=\"grve-element grve-space-divider  \" style=\"padding-top: 10px;\"><h2 class=\"grve-element grve-align-center grve-title-no-line grve-animated-item fadeIn\" style=\"\" data-delay=\"200\">Motivamos a la gente a pensar de una manera creativa y positiva.<\/h2>\t\t\t<div class=\"grve-element grve-testimonial-carousel\" style=\"\" data-slider-speed=\"4000\" data-slider-smoothheight=\"no\">\n\t\t\t\t<ul class=\"slides\">\n\n\t\t\t\t\t\t\t<li class=\"grve-testimonial-element\">\n\t\t\t\t\t\t<div class=\"grve-testimonial-content\">\n\t\t\t\t\t\t\t<p>Las Redes Sociales son como un gran evento que nunca se termina. Mientras m\u00e1s lo usas m\u00e1s te conocen<\/p>\n\t\t\t\t\t\t\t<div class=\"grve-testimonial-name\">Macarena Gonz\u00e1lez, Gerente de Marketing, Estrategia.<\/div>\n\t\t\t\t\t\t<\/div>\n\t\t\t\t\t<\/li>\n\t\t\t\t\t\t\t<li class=\"grve-testimonial-element\">\n\t\t\t\t\t\t<div class=\"grve-testimonial-content\">\n\t\t\t\t\t\t\t<p>Nuestra empresa ha logrado mucho en poco tiempo. Desde la fundaci\u00f3n de Mi Red Social en 2012, la empresa ha crecido para ofrecer servicios a muchos usuarios en Chile.<\/p>\n<p>&nbsp;<\/p>\n\t\t\t\t\t\t\t<div class=\"grve-testimonial-name\">Aracely  Gonz\u00e1lez, Ejecutiva Comercial, Cobranzas.<\/div>\n\t\t\t\t\t\t<\/div>\n\t\t\t\t\t<\/li>\n\t\t\t\t\t\t\t<li class=\"grve-testimonial-element\">\n\t\t\t\t\t\t<div class=\"grve-testimonial-content\">\n\t\t\t\t\t\t\t<p>Nos fijamos objetivos que sabemos que todav\u00eda no podemos alcanzar, porque sabemos que, en el esfuerzo por lograrlo, podemos llegar m\u00e1s lejos de lo que cre\u00edamos.<\/p>\n\t\t\t\t\t\t\t<div class=\"grve-testimonial-name\">Fernanda Mari\u00f3 G., Directora Ejecutiva, CEO.<\/div>\n\t\t\t\t\t\t<\/div>\n\t\t\t\t\t<\/li>\n\t\t\t\t\t\t<\/ul>\n\t\t\t<\/div>\n\n\t\t\n\t\t<\/div>\n\t  <\/div><\/section><section  class=\"grve-section\"  style=\"padding-top: 70px;margin-bottom: 0px;\">  <div class=\"grve-row\">\n\t\t<div class=\"wpb_column grve-column-5-6\">\n\t\t\t<div class=\"grve-element grve-image grve-align-center grve-animated-item fadeInLeft\" style=\"\" data-delay=\"200\">  <img alt=\"\" src=\"https:\/\/www.miredsocial.cl\/wp-content\/uploads\/2014\/03\/MRS-logo-4.jpg\"><\/div>\n\t\t<\/div>\n\t\n\t\t<div class=\"wpb_column grve-column-1-6\">\n\t\t\t\t\t\t<div class=\"grve-social grve-social-large grve-align-center grve-animated-item fadeInRight\" style=\"\" data-delay=\"200\">\n\t\t\t\t<ul>\n\n\t\t\t\t\t\t\t\t\t\t<li><a href=\"https:\/\/www.miredsocial.cl\/?testimonial=testimonial1\" title=\"Testimonial1\" class=\"grve-social-share-facebook\"><i class=\"fa fa-facebook\"><\/i><\/a><\/li>\n\t\t\t\t\t\t\t\t\t\t\t\t\t\t\t\n\t\t\t\t<\/ul>\n\t\t\t<\/div>\n\t\t\t\t\t<div class=\"grve-social grve-social-large grve-align-center grve-animated-item fadeInRight\" style=\"\" data-delay=\"200\">\n\t\t\t\t<ul>\n\n\t\t\t\t\t\t\t\t\t\t\t\t\t\t\t<li><a href=\"https:\/\/www.miredsocial.cl\/?testimonial=testimonial1\" title=\"Testimonial1\" class=\"grve-social-share-twitter\"><i class=\"fa fa-twitter\"><\/i><\/a><\/li>\n\t\t\t\t\t\t\t\t\t\t\n\t\t\t\t<\/ul>\n\t\t\t<\/div>\n\t\t\t\t\t<div class=\"grve-social grve-social-large grve-align-center grve-animated-item fadeInRight\" style=\"\" data-delay=\"200\">\n\t\t\t\t<ul>\n\n\t\t\t\t\t\t\t\t\t\t\t\t\t\t\t\t\t\t\t\t<li><a href=\"https:\/\/www.miredsocial.cl\/?testimonial=testimonial1\" title=\"Testimonial1\" class=\"grve-social-share-linkedin\"><i class=\"fa fa-linkedin\"><\/i><\/a><\/li>\n\t\t\t\t\t\n\t\t\t\t<\/ul>\n\t\t\t<\/div>\n\t\t\n\t\t<\/div>\n\t  <\/div><\/section><section  class=\"grve-section grve-feature-footer\"  style=\"background-color: #f42c2c;color: #ffffff;padding-top: 40px;padding-bottom: 40px;\">  <div class=\"grve-row\">\n\t\t<div class=\"wpb_column grve-column-1\">\n\t\t\t<div class=\"grve-element grve-callout grve-style-2\" style=\"\">  <div class=\"grve-callout-content\">    <span class=\"grve-callout-title\">Suscr\u00edbete a nuestras noticias sobre marketing digital<\/span><a class=\"grve-btn grve-btn-medium grve-btn-line grve-btn-advanced\" href=\"http:\/\/miredsocial.cl\/contacto\/\" data-hover=\"AQU\u00ed\" target=\"_self\" style=\"\"><span>presione<\/span><\/a>  <\/div><\/div>\n\t\t<\/div>\n\t  <\/div><\/section>\n","protected":false},"excerpt":{"rendered":"Nos fijamos objetivos que sabemos que todav\u00eda no podemos alcanzar, porque sabemos que, en el esfuerzo por lograrlo, podemos llegar m\u00e1s lejos de lo que cre\u00edamos.","protected":false},"author":1,"featured_media":0,"parent":0,"menu_order":0,"comment_status":"open","ping_status":"closed","template":"","meta":[],"_links":{"self":[{"href":"https:\/\/www.miredsocial.cl\/index.php?rest_route=\/wp\/v2\/pages\/119"}],"collection":[{"href":"https:\/\/www.miredsocial.cl\/index.php?rest_route=\/wp\/v2\/pages"}],"about":[{"href":"https:\/\/www.miredsocial.cl\/index.php?rest_route=\/wp\/v2\/types\/page"}],"author":[{"embeddable":true,"href":"https:\/\/www.miredsocial.cl\/index.php?rest_route=\/wp\/v2\/users\/1"}],"replies":[{"embeddable":true,"href":"https:\/\/www.miredsocial.cl\/index.php?rest_route=%2Fwp%2Fv2%2Fcomments&post=119"}],"version-history":[{"count":44,"href":"https:\/\/www.miredsocial.cl\/index.php?rest_route=\/wp\/v2\/pages\/119\/revisions"}],"predecessor-version":[{"id":1134,"href":"https:\/\/www.miredsocial.cl\/index.php?rest_route=\/wp\/v2\/pages\/119\/revisions\/1134"}],"wp:attachment":[{"href":"https:\/\/www.miredsocial.cl\/index.php?rest_route=%2Fwp%2Fv2%2Fmedia&parent=119"}],"curies":[{"name":"wp","href":"https:\/\/api.w.org\/{rel}","templated":true}]}}