{"id":308,"date":"2014-03-19T01:37:32","date_gmt":"2014-03-19T04:37:32","guid":{"rendered":"http:\/\/greatives.eu\/dummies\/reload\/?page_id=308"},"modified":"2016-09-08T18:12:19","modified_gmt":"2016-09-08T21:12:19","slug":"quienes-somos","status":"publish","type":"page","link":"https:\/\/www.miredsocial.cl\/?page_id=308","title":{"rendered":"Quienes Somos"},"content":{"rendered":"<section  class=\"grve-section\"  style=\"margin-bottom: 80px;\">  <div class=\"grve-row\">\n\t\t<div class=\"wpb_column grve-column-1 grve-tablet-column-1\">\n\t\t\t<div class=\"grve-element grve-slogan grve-align-center grve-animated-item fadeIn\" style=\"\" data-delay=\"200\"><div class=\"grve-slogan-subtitle\">El desarrollo de nuevos productos depende de grandes personas. Existen asesores de Mi Red Social a lo largo de Chile detr\u00e1s de las herramientas que utilizamos a diario, para posicionar tu empresa en Redes Sociales.<\/div>  <p>A continuaci\u00f3n, encuentra m\u00e1s informaci\u00f3n acerca de c\u00f3mo es trabajar en Mi Red Social, d\u00f3nde trabajamos y qui\u00e9n impulsa la estrategia de nuestra empresa.<\/p><\/div>\n\t\t<\/div>\n\t  <\/div><\/section><section  class=\"grve-section\"  style=\"margin-bottom: 100px;\">  <div class=\"grve-row\">\n\t\t<div class=\"wpb_column grve-column-1-4 grve-tablet-column-1-2\">\n\t\t\t\n\t\t<div class=\"grve-team-item grve-element grve-animated-item fadeIn\" style=\"\" data-delay=\"200\">\n\t\t\t<div class=\"grve-team-media\">\n\t\t\t\t  <img class=\"grve-team-person\" src=\"https:\/\/www.miredsocial.cl\/wp-content\/uploads\/2014\/03\/WhatsApp-Image-2016-09-08-at-2.54.02-PM-560x560.jpeg\" alt=\"\">\t\t\t\t<div class=\"grve-team-social\">\n\t\t\t\t\t<ul>\n\t\t\t\t\t\t<li><a href=\"https:\/\/www.facebook.com\/miredsocial.cl\" target=\"_blank\"><i class=\"fa fa-facebook\"><\/i><\/a><\/li><li><a href=\"https:\/\/twitter.com\/miredsocialCl\" target=\"_blank\"><i class=\"fa fa-twitter\"><\/i><\/a><\/li><li><a href=\"http:\/\/cl.linkedin.com\/pub\/mi-red-social\/60\/587\/96a\" target=\"_blank\"><i class=\"fa fa-linkedin\"><\/i><\/a><\/li><li><a href=\"mailto:ma&#114;keti&#110;g&#64;&#109;i&#114;e&#100;so&#99;i&#97;&#108;&#46;&#99;&#108;\"><i class=\"fa fa-envelope\"><\/i><\/a><\/li><li><a href=\"http:\/\/www.miredsocial.cl\/contacto\/\" target=\"_self\"><i class=\"fa fa-share\"><\/i><\/a><\/li>\t\t\t\t\t<\/ul>\n\t\t\t\t<\/div>\n\t\t\t<\/div>\n\t\t\t<div class=\"grve-team-content\">\n\t\t\t\t<span class=\"grve-team-name\">Fernanda Mari\u00f3<\/span>\n\t\t\t\t<span class=\"grve-team-description\">Publicista, CEO Mi Red Social. Marketing Estrategist y Ventas.<\/span>\n\t\t\t<\/div>\n\t\t<\/div>\n\n\t\t\n\t\t<\/div>\n\t\n\t\t<div class=\"wpb_column grve-column-3-4\">\n\t\t\t<div class=\"grve-element grve-slogan grve-align-center grve-animated-item fadeInUp\" style=\"\" data-delay=\"200\"><div class=\"grve-slogan-subtitle\">conozca nuestro equipo<\/div><h2 class=\"grve-slogan-title grve-align-center grve-title-line\">Hab\u00eda una vez...<\/h2>  <p>Fernanda Mari\u00f3, marketera y emprendedora, fund\u00f3 Mi Red Social en mayo de 2012. Desde entonces, la empresa creci\u00f3 hasta contar con una importante fuerza laboral y un equipo administrativo que incluye a algunos de los profesionales de las Redes Sociales con m\u00e1s experiencia de la industria.<\/p><\/div>\n\t\t<\/div>\n\t  <\/div><\/section><section  class=\"grve-section\" >  <div class=\"grve-row\">\n\t\t<div class=\"wpb_column grve-column-1-3\">\n\t\t\t\n\t\t<div class=\"grve-smallteam-item grve-element grve-animated-item fadeIn\" style=\"\" data-delay=\"200\">\n\t\t\t<div class=\"grve-person-image\">\n\t\t\t\t<a href=\"http:\/\/www.miredsocial.cl\/contacto\/\" target=\"_self\">  <img class=\"grve-first-image\" src=\"https:\/\/www.miredsocial.cl\/wp-content\/plugins\/grve-vc-extension\/assets\/images\/empty\/grve-image-small-rect.jpg\" alt=\"Empty Team\">  <img class=\"grve-second-image\" src=\"https:\/\/www.miredsocial.cl\/wp-content\/plugins\/grve-vc-extension\/assets\/images\/empty\/grve-image-small-rect.jpg\" alt=\"Empty Team\"><\/a>\t\t\t<\/div>\n\t\t\t<div class=\"grve-smallteam-content\">\n\t\t\t\t<span class=\"grve-team-description\">Publicista, Redactora y Community Manager<\/span>\n\t\t\t\t<span class=\"grve-team-name\">Maka Sanderson <\/span>\n\t\t\t<\/div>\n\t\t\t<div class=\"grve-smallteam-social\">\n\t\t\t\t<ul>\n\t\t\t\t\t<li><a href=\"mailto:#\"><i class=\"fa fa-envelope\"><\/i><\/a><\/li>\t\t\t\t<\/ul>\n\t\t\t<\/div>\n\t\t<\/div>\n\t\t\n\t\t<\/div>\n\t\n\t\t<div class=\"wpb_column grve-column-1-3\">\n\t\t\t\n\t\t<div class=\"grve-smallteam-item grve-element grve-animated-item fadeIn\" style=\"\" data-delay=\"200\">\n\t\t\t<div class=\"grve-person-image\">\n\t\t\t\t<a href=\"http:\/\/www.miredsocial.cl\/contacto\/\" target=\"_self\">  <img class=\"grve-first-image\" src=\"https:\/\/www.miredsocial.cl\/wp-content\/plugins\/grve-vc-extension\/assets\/images\/empty\/grve-image-small-rect.jpg\" alt=\"Empty Team\">  <img class=\"grve-second-image\" src=\"https:\/\/www.miredsocial.cl\/wp-content\/plugins\/grve-vc-extension\/assets\/images\/empty\/grve-image-small-rect.jpg\" alt=\"Empty Team\"><\/a>\t\t\t<\/div>\n\t\t\t<div class=\"grve-smallteam-content\">\n\t\t\t\t<span class=\"grve-team-description\">Dise\u00f1ador. Director Creativo<\/span>\n\t\t\t\t<span class=\"grve-team-name\">Willy G\u00e1lvez<\/span>\n\t\t\t<\/div>\n\t\t\t<div class=\"grve-smallteam-social\">\n\t\t\t\t<ul>\n\t\t\t\t\t<li><a href=\"mailto:&#35;\"><i class=\"fa fa-envelope\"><\/i><\/a><\/li>\t\t\t\t<\/ul>\n\t\t\t<\/div>\n\t\t<\/div>\n\t\t\n\t\t<\/div>\n\t\n\t\t<div class=\"wpb_column grve-column-1-3\">\n\t\t\t\n\t\t<div class=\"grve-smallteam-item grve-element grve-animated-item fadeIn\" style=\"\" data-delay=\"200\">\n\t\t\t<div class=\"grve-person-image\">\n\t\t\t\t<a href=\"http:\/\/www.miredsocial.cl\/contacto\/\" target=\"_self\">  <img class=\"grve-first-image\" src=\"https:\/\/www.miredsocial.cl\/wp-content\/plugins\/grve-vc-extension\/assets\/images\/empty\/grve-image-small-rect.jpg\" alt=\"Empty Team\">  <img class=\"grve-second-image\" src=\"https:\/\/www.miredsocial.cl\/wp-content\/plugins\/grve-vc-extension\/assets\/images\/empty\/grve-image-small-rect.jpg\" alt=\"Empty Team\"><\/a>\t\t\t<\/div>\n\t\t\t<div class=\"grve-smallteam-content\">\n\t\t\t\t<span class=\"grve-team-description\">Finanzas<\/span>\n\t\t\t\t<span class=\"grve-team-name\">Felipe Bustos<\/span>\n\t\t\t<\/div>\n\t\t\t<div class=\"grve-smallteam-social\">\n\t\t\t\t<ul>\n\t\t\t\t\t<li><a href=\"mailto:&#35;\"><i class=\"fa fa-envelope\"><\/i><\/a><\/li>\t\t\t\t<\/ul>\n\t\t\t<\/div>\n\t\t<\/div>\n\t\t\n\t\t<\/div>\n\t  <\/div><\/section><section  class=\"grve-section grve-dark-color\"  style=\"margin-bottom: 100px;\">  <div class=\"grve-row\">\n\t\t<div class=\"wpb_column grve-column-1 grve-tablet-column-1-2\">\n\t\t\t<div class=\"grve-element grve-text grve-animated-item fadeInRight\" data-delay=\"800\">\t\t\n\t\t\t<h3 style=\"text-align: center;\">Nuestra Cultura<\/h3>\n<p style=\"text-align: justify;\">La gente que la conforma es lo que hace que Mi Red Social sea el tipo de empresa que es. Contratamos personas inteligentes y decididas, valoramos e identificamos el talento para juntos lograr experiencia. Aunque los asesores\u00a0de Mi Red Social comparten objetivos y visiones comunes en la empresa,\u00a0nos relacionamos con todo tipo de gente y hablamos variados idiomas, lo cual refleja el p\u00fablico internacional al cual estamos abiertos en brindar nuestros servicios.\u00a0Cuando no est\u00e1n trabajando, los\u00a0 miembros del equipo se ocupan de sus intereses, que van desde ciclismo a m\u00fasica y de yoga a automovilismo.<\/p>\n<p style=\"text-align: justify;\">Buscamos mantener la cultura abierta, en la cual todos est\u00e1n dispuestos a contribuir y se sienten c\u00f3modos al compartir ideas y opiniones. En nuestras reuniones grupales semanales online y presenciales, a trav\u00e9s de skype o en el caf\u00e9 de la esquina, el equipo de Mi Red Social realiza preguntas directas acerca de cualquier problema de la empresa. Nuestras oficinas remotas est\u00e1n pensadas para fomentar el trabajo en torno a objetivos y tareas asignadas, la vida familiar, y la posibilidad de trabajar desde cualquier parte del mundo en donde puedas disfrutar en pantuflas tu trabajo, si as\u00ed lo deseas. De este modo se da lugar para conversar sobre el trabajo, resolver dudas\u00a0 y tambi\u00e9n para ser uno mismo.<\/p>\n\t\n\t\t<\/div>\n\t\n\t\t<\/div>\n\t  <\/div><\/section><section  class=\"grve-section grve-feature-footer\"  style=\"background-color: #f34522;color: #ffffff;padding-top: 60px;padding-bottom: 60px;\">  <div class=\"grve-row\">\n\t\t<div class=\"wpb_column grve-column-1\">\n\t\t\t<div class=\"grve-element grve-callout grve-style-2\" style=\"\">  <div class=\"grve-callout-content\">    <span class=\"grve-callout-title\">\u00bfTe interesa trabajar con nosotros? Siempre buscamos gente excepcional <\/span><a class=\"grve-btn grve-btn-medium grve-black-color\" href=\"http:\/\/miredsocial.cl\/contacto\/\"  target=\"_self\" style=\"\"><span>Cont\u00e1ctenos<\/span><\/a>  <\/div><\/div>\n\t\t<\/div>\n\t  <\/div><\/section>\n","protected":false},"excerpt":{"rendered":"El desarrollo de nuevos productos depende de grandes personas. Existen asesores de Mi Red Social a lo largo de Chile detr\u00e1s de las herramientas que utilizamos a diario, para posicionar tu empresa en Redes Sociales. A continuaci\u00f3n, encuentra m\u00e1s informaci\u00f3n acerca de c\u00f3mo es trabajar en Mi Red Social, d\u00f3nde trabajamos y qui\u00e9n impulsa la<a class=\"grve-read-more\" href=\"https:\/\/www.miredsocial.cl\/?page_id=308\">leer mas<\/a>","protected":false},"author":7,"featured_media":1092,"parent":0,"menu_order":0,"comment_status":"closed","ping_status":"closed","template":"","meta":[],"_links":{"self":[{"href":"https:\/\/www.miredsocial.cl\/index.php?rest_route=\/wp\/v2\/pages\/308"}],"collection":[{"href":"https:\/\/www.miredsocial.cl\/index.php?rest_route=\/wp\/v2\/pages"}],"about":[{"href":"https:\/\/www.miredsocial.cl\/index.php?rest_route=\/wp\/v2\/types\/page"}],"author":[{"embeddable":true,"href":"https:\/\/www.miredsocial.cl\/index.php?rest_route=\/wp\/v2\/users\/7"}],"replies":[{"embeddable":true,"href":"https:\/\/www.miredsocial.cl\/index.php?rest_route=%2Fwp%2Fv2%2Fcomments&post=308"}],"version-history":[{"count":25,"href":"https:\/\/www.miredsocial.cl\/index.php?rest_route=\/wp\/v2\/pages\/308\/revisions"}],"predecessor-version":[{"id":1142,"href":"https:\/\/www.miredsocial.cl\/index.php?rest_route=\/wp\/v2\/pages\/308\/revisions\/1142"}],"wp:featuredmedia":[{"embeddable":true,"href":"https:\/\/www.miredsocial.cl\/index.php?rest_route=\/wp\/v2\/media\/1092"}],"wp:attachment":[{"href":"https:\/\/www.miredsocial.cl\/index.php?rest_route=%2Fwp%2Fv2%2Fmedia&parent=308"}],"curies":[{"name":"wp","href":"https:\/\/api.w.org\/{rel}","templated":true}]}}